{"id":75,"date":"2018-09-12T16:25:15","date_gmt":"2018-09-12T16:25:15","guid":{"rendered":"http:\/\/art.sinusquell.com\/?page_id=75"},"modified":"2022-08-07T17:33:22","modified_gmt":"2022-08-07T17:33:22","slug":"impressum","status":"publish","type":"page","link":"https:\/\/sinusquell.com\/?page_id=75","title":{"rendered":"Impressum"},"content":{"rendered":"<p><strong>Angaben gem\u00e4\u00df \u00a7 5 TMG<\/strong><br \/>\nJosef Sobotta<br \/>\nTile-Hagemannstr. 4<br \/>\n29525 Uelzen<\/p>\n<p><strong>Kontakt<\/strong><br \/>\nEmail: <a href=\"mailto:contact@sinusquell.com\">contact@sinusquell.com<\/a><br \/>\nTwitter: <a href=\"https:\/\/twitter.com\/SinusQuell\">Twitter Nachricht<\/a><\/p>\n<p><strong>Verantwortlich f\u00fcr den Inhalt nach \u00a7 55 Abs. 2 RStV<\/strong><br \/>\nJosef Sobotta (Anschrift wie oben)<\/p>\n<p><strong>Streitschlichtung<\/strong><br \/>\nWir sind nicht bereit oder verpflichtet, an Streitbeilegungsverfahren vor einer Verbraucherschlichtungsstelle teilzunehmen.<\/p>\n<p>Der Nutzung von im Rahmen der Impressumspflicht ver\u00f6ffentlichten Kontaktdaten durch Dritte zur \u00dcbersendung von nicht ausdr\u00fccklich angeforderter Werbung und Informationsmaterialien wird hiermit ausdr\u00fccklich widersprochen. Die Betreiber der Seiten behalten sich ausdr\u00fccklich rechtliche Schritte im Falle der unverlangten Zusendung von Werbeinformationen, etwa durch Spam-Mails, vor.<\/p>\n","protected":false},"excerpt":{"rendered":"<div class=\"entry-summary\">\nAngaben gem\u00e4\u00df \u00a7 5 TMG Josef Sobotta Tile-Hagemannstr. 4 29525 Uelzen Kontakt Email: contact@sinusquell.com Twitter: Twitter Nachricht Verantwortlich f\u00fcr den Inhalt nach \u00a7 55 Abs. 2 RStV Josef Sobotta (Anschrift wie oben) Streitschlichtung Wir sind nicht bereit oder verpflichtet, an Streitbeilegungsverfahren vor einer Verbraucherschlichtungsstelle teilzunehmen. Der Nutzung von im Rahmen der Impressumspflicht ver\u00f6ffentlichten Kontaktdaten durch&hellip;\n<\/div>\n<div class=\"link-more\"><a href=\"https:\/\/sinusquell.com\/?page_id=75\" class=\"more-link\">Continue reading<span class=\"screen-reader-text\"> &ldquo;Impressum&rdquo;<\/span>&hellip;<\/a><\/div>\n","protected":false},"author":1,"featured_media":0,"parent":0,"menu_order":0,"comment_status":"closed","ping_status":"closed","template":"","meta":{"_acf_changed":false,"footnotes":""},"class_list":["post-75","page","type-page","status-publish","hentry","entry"],"acf":[],"_links":{"self":[{"href":"https:\/\/sinusquell.com\/index.php?rest_route=\/wp\/v2\/pages\/75","targetHints":{"allow":["GET"]}}],"collection":[{"href":"https:\/\/sinusquell.com\/index.php?rest_route=\/wp\/v2\/pages"}],"about":[{"href":"https:\/\/sinusquell.com\/index.php?rest_route=\/wp\/v2\/types\/page"}],"author":[{"embeddable":true,"href":"https:\/\/sinusquell.com\/index.php?rest_route=\/wp\/v2\/users\/1"}],"replies":[{"embeddable":true,"href":"https:\/\/sinusquell.com\/index.php?rest_route=%2Fwp%2Fv2%2Fcomments&post=75"}],"version-history":[{"count":4,"href":"https:\/\/sinusquell.com\/index.php?rest_route=\/wp\/v2\/pages\/75\/revisions"}],"predecessor-version":[{"id":359,"href":"https:\/\/sinusquell.com\/index.php?rest_route=\/wp\/v2\/pages\/75\/revisions\/359"}],"wp:attachment":[{"href":"https:\/\/sinusquell.com\/index.php?rest_route=%2Fwp%2Fv2%2Fmedia&parent=75"}],"curies":[{"name":"wp","href":"https:\/\/api.w.org\/{rel}","templated":true}]}}